{"id":2,"date":"2023-10-02T16:14:15","date_gmt":"2023-10-02T14:14:15","guid":{"rendered":"http:\/\/dachor.arge.kuko-ev.de\/?page_id=2"},"modified":"2025-10-07T20:52:50","modified_gmt":"2025-10-07T18:52:50","slug":"beispiel-seite","status":"publish","type":"page","link":"https:\/\/dachor.kuko-ev.de\/","title":{"rendered":"Wer sind wir?"},"content":{"rendered":"\n<p><strong>Wir sind eine Gruppe von Hobby-S\u00e4ngerinnen und Hobbys\u00e4ngern (ehemaliger) Studierender der TU Ilmenau<\/strong>.<\/p>\n\n\n\n<p>Wir singen in SATB-Besetzung Titel aus verschiedenen Genres, einige Beispiele: Coming Home (Sascha), Cups Song (Pitch Perfect), Happy Ending (Mika), Hit the Road Jack (Ray Charles), Viva la Vida (Coldplay). Hinzu kommen Titel mit Fest- und Feiertagsbezug (Weihnachten), Sea Shanties (Leave her Johnny) oder Disney-Titel (Probiers mal mit Gem\u00fctlichkeit). Wir legen dabei eher Wert auf Freude und Spa\u00df am Singen, weniger an der Perfektion des Ergebnisses. \u00d6ffentliche Auftritte gibt es bspw. zu Weihnachten und einigen wenigen anderen Anl\u00e4ssen, dabei treten wir unentgeltlich auf (bspw. Senioren-Residenz, Weihnachten an der Uni, \u2026).<\/p>\n\n\n\n<p>Da unsere Mitgliederzahl \u00fcberschaubar ist, hat jeder die M\u00f6glichkeit sich aktiv mit einzubringen, sowohl von der Auswahl der Titel oder bspw. einen Solo-Part im St\u00fcck \u00fcbernehmen, aber auch an der generellen Organisation.&nbsp;<\/p>\n\n\n\n<p>Insgesamt ist das Verh\u00e4ltnis sehr freundschaftlich und ausgelassen. Bei nahezu jeder Probe gibt es Momente, in denen wir uns vor Lachen nicht halten k\u00f6nnen und f\u00fcr das leibliche Wohl ist auch meistens in Form von Kuchen gesorgt. Auch au\u00dferhalb der Proben unternehmen wir hin und wieder etwas zusammen (Grillen, Bowling, Spiele-Abend, Karaoke, Kino, \u2026).<\/p>\n","protected":false},"excerpt":{"rendered":"<p>Wir sind eine Gruppe von Hobby-S\u00e4ngerinnen und Hobbys\u00e4ngern (ehemaliger) Studierender der TU Ilmenau. Wir singen in SATB-Besetzung Titel aus verschiedenen<\/p>\n<p><a href=\"https:\/\/dachor.kuko-ev.de\/\" class=\"more-link\">Continue reading<span class=\"screen-reader-text\">Wer sind wir?<\/span><\/a><\/p>\n","protected":false},"author":1,"featured_media":0,"parent":0,"menu_order":0,"comment_status":"closed","ping_status":"open","template":"","meta":{"footnotes":""},"class_list":["post-2","page","type-page","status-publish","hentry"],"yoast_head":"<!-- This site is optimized with the Yoast SEO plugin v27.5 - https:\/\/yoast.com\/product\/yoast-seo-wordpress\/ -->\n<title>Wer sind wir? - DaChor Ilmenau<\/title>\n<meta name=\"robots\" content=\"index, follow, max-snippet:-1, max-image-preview:large, max-video-preview:-1\" \/>\n<link rel=\"canonical\" href=\"https:\/\/dachor.kuko-ev.de\/\" \/>\n<meta property=\"og:locale\" content=\"de_DE\" \/>\n<meta property=\"og:type\" content=\"article\" \/>\n<meta property=\"og:title\" content=\"Wer sind wir? - DaChor Ilmenau\" \/>\n<meta property=\"og:description\" content=\"Wir sind eine Gruppe von Hobby-S\u00e4ngerinnen und Hobbys\u00e4ngern (ehemaliger) Studierender der TU Ilmenau. Wir singen in SATB-Besetzung Titel aus verschiedenenContinue readingWer sind wir?\" \/>\n<meta property=\"og:url\" content=\"https:\/\/dachor.kuko-ev.de\/\" \/>\n<meta property=\"og:site_name\" content=\"DaChor Ilmenau\" \/>\n<meta property=\"article:modified_time\" content=\"2025-10-07T18:52:50+00:00\" \/>\n<meta name=\"twitter:card\" content=\"summary_large_image\" \/>\n<meta name=\"twitter:label1\" content=\"Gesch\u00e4tzte Lesezeit\" \/>\n\t<meta name=\"twitter:data1\" content=\"2\u00a0Minuten\" \/>\n<script type=\"application\/ld+json\" class=\"yoast-schema-graph\">{\"@context\":\"https:\\\/\\\/schema.org\",\"@graph\":[{\"@type\":\"WebPage\",\"@id\":\"https:\\\/\\\/dachor.kuko-ev.de\\\/\",\"url\":\"https:\\\/\\\/dachor.kuko-ev.de\\\/\",\"name\":\"Wer sind wir? - DaChor Ilmenau\",\"isPartOf\":{\"@id\":\"https:\\\/\\\/dachor.kuko-ev.de\\\/#website\"},\"datePublished\":\"2023-10-02T14:14:15+00:00\",\"dateModified\":\"2025-10-07T18:52:50+00:00\",\"breadcrumb\":{\"@id\":\"https:\\\/\\\/dachor.kuko-ev.de\\\/#breadcrumb\"},\"inLanguage\":\"de\",\"potentialAction\":[{\"@type\":\"ReadAction\",\"target\":[\"https:\\\/\\\/dachor.kuko-ev.de\\\/\"]}]},{\"@type\":\"BreadcrumbList\",\"@id\":\"https:\\\/\\\/dachor.kuko-ev.de\\\/#breadcrumb\",\"itemListElement\":[{\"@type\":\"ListItem\",\"position\":1,\"name\":\"Startseite\",\"item\":\"https:\\\/\\\/dachor.kuko-ev.de\\\/\"},{\"@type\":\"ListItem\",\"position\":2,\"name\":\"Wer sind wir?\"}]},{\"@type\":\"WebSite\",\"@id\":\"https:\\\/\\\/dachor.kuko-ev.de\\\/#website\",\"url\":\"https:\\\/\\\/dachor.kuko-ev.de\\\/\",\"name\":\"DaChor Ilmenau\",\"description\":\"Dein Pop-Chor aus Ilmenau\",\"potentialAction\":[{\"@type\":\"SearchAction\",\"target\":{\"@type\":\"EntryPoint\",\"urlTemplate\":\"https:\\\/\\\/dachor.kuko-ev.de\\\/?s={search_term_string}\"},\"query-input\":{\"@type\":\"PropertyValueSpecification\",\"valueRequired\":true,\"valueName\":\"search_term_string\"}}],\"inLanguage\":\"de\"}]}<\/script>\n<!-- \/ Yoast SEO plugin. -->","yoast_head_json":{"title":"Wer sind wir? - DaChor Ilmenau","robots":{"index":"index","follow":"follow","max-snippet":"max-snippet:-1","max-image-preview":"max-image-preview:large","max-video-preview":"max-video-preview:-1"},"canonical":"https:\/\/dachor.kuko-ev.de\/","og_locale":"de_DE","og_type":"article","og_title":"Wer sind wir? - DaChor Ilmenau","og_description":"Wir sind eine Gruppe von Hobby-S\u00e4ngerinnen und Hobbys\u00e4ngern (ehemaliger) Studierender der TU Ilmenau. Wir singen in SATB-Besetzung Titel aus verschiedenenContinue readingWer sind wir?","og_url":"https:\/\/dachor.kuko-ev.de\/","og_site_name":"DaChor Ilmenau","article_modified_time":"2025-10-07T18:52:50+00:00","twitter_card":"summary_large_image","twitter_misc":{"Gesch\u00e4tzte Lesezeit":"2\u00a0Minuten"},"schema":{"@context":"https:\/\/schema.org","@graph":[{"@type":"WebPage","@id":"https:\/\/dachor.kuko-ev.de\/","url":"https:\/\/dachor.kuko-ev.de\/","name":"Wer sind wir? - DaChor Ilmenau","isPartOf":{"@id":"https:\/\/dachor.kuko-ev.de\/#website"},"datePublished":"2023-10-02T14:14:15+00:00","dateModified":"2025-10-07T18:52:50+00:00","breadcrumb":{"@id":"https:\/\/dachor.kuko-ev.de\/#breadcrumb"},"inLanguage":"de","potentialAction":[{"@type":"ReadAction","target":["https:\/\/dachor.kuko-ev.de\/"]}]},{"@type":"BreadcrumbList","@id":"https:\/\/dachor.kuko-ev.de\/#breadcrumb","itemListElement":[{"@type":"ListItem","position":1,"name":"Startseite","item":"https:\/\/dachor.kuko-ev.de\/"},{"@type":"ListItem","position":2,"name":"Wer sind wir?"}]},{"@type":"WebSite","@id":"https:\/\/dachor.kuko-ev.de\/#website","url":"https:\/\/dachor.kuko-ev.de\/","name":"DaChor Ilmenau","description":"Dein Pop-Chor aus Ilmenau","potentialAction":[{"@type":"SearchAction","target":{"@type":"EntryPoint","urlTemplate":"https:\/\/dachor.kuko-ev.de\/?s={search_term_string}"},"query-input":{"@type":"PropertyValueSpecification","valueRequired":true,"valueName":"search_term_string"}}],"inLanguage":"de"}]}},"_links":{"self":[{"href":"https:\/\/dachor.kuko-ev.de\/index.php\/wp-json\/wp\/v2\/pages\/2","targetHints":{"allow":["GET"]}}],"collection":[{"href":"https:\/\/dachor.kuko-ev.de\/index.php\/wp-json\/wp\/v2\/pages"}],"about":[{"href":"https:\/\/dachor.kuko-ev.de\/index.php\/wp-json\/wp\/v2\/types\/page"}],"author":[{"embeddable":true,"href":"https:\/\/dachor.kuko-ev.de\/index.php\/wp-json\/wp\/v2\/users\/1"}],"replies":[{"embeddable":true,"href":"https:\/\/dachor.kuko-ev.de\/index.php\/wp-json\/wp\/v2\/comments?post=2"}],"version-history":[{"count":1,"href":"https:\/\/dachor.kuko-ev.de\/index.php\/wp-json\/wp\/v2\/pages\/2\/revisions"}],"predecessor-version":[{"id":50,"href":"https:\/\/dachor.kuko-ev.de\/index.php\/wp-json\/wp\/v2\/pages\/2\/revisions\/50"}],"wp:attachment":[{"href":"https:\/\/dachor.kuko-ev.de\/index.php\/wp-json\/wp\/v2\/media?parent=2"}],"curies":[{"name":"wp","href":"https:\/\/api.w.org\/{rel}","templated":true}]}}